{"id":87,"date":"2020-02-13T23:00:21","date_gmt":"2020-02-13T23:00:21","guid":{"rendered":"http:\/\/www.meshrep.uk\/uy\/?page_id=87"},"modified":"2020-09-21T21:25:38","modified_gmt":"2020-09-21T21:25:38","slug":"projekit-tetqiqatchi-xadimlar","status":"publish","type":"page","link":"https:\/\/www.meshrep.uk\/uy\/projekit-tetqiqatchi-xadimlar\/","title":{"rendered":"Proj\u00e9kit tetqiqatchi xadimlar"},"content":{"rendered":"\n<p class=\"has-vivid-green-cyan-background-color has-background\"><strong>Rachel Harris<\/strong> (tur y\u00e9tekchisi)<\/p>\n\n\n\n<div class=\"wp-block-image\"><figure class=\"alignright is-resized\"><img loading=\"lazy\" decoding=\"async\" src=\"http:\/\/www.meshrep.uk\/img\/Rachel_Harris.jpg\" alt=\"\" width=\"295\" height=\"297\"\/><\/figure><\/div>\n\n\n\n<p class=\"has-text-color\" style=\"color:#303030\"><a href=\"https:\/\/www.soas.ac.uk\/staff\/staff31068.php\"><strong>Rachel Harris<\/strong><\/a><strong> <\/strong>teaches at <a href=\"https:\/\/www.soas.ac.uk\/staff\/staff31068.php\">SOAS,<\/a> University of London (<a href=\"https:\/\/www.soas.ac.uk\/staff\/staff31068.php\">www.soas.ac.uk\/staff\/staff31068.php<\/a>) . <\/p>\n\n\n\n<p>Rachel Harris London uniw\u00e9rsit\u00e9ti sherqshunasliq we afriqa institutida (SOAS) oqutquchi bolup ishleydu. Uning tetqiqati asasliq Xitay we Ottura Asiyadiki qaynaq medeniyet, diniy hayat we siyasiy t\u00e9milargha merkezleshken. U, 2007-yili Ashgate neshriyati teripidin neshir qilinghan \u201cXitay we Ottura Asiya arisidiki Uyghurlar\u201d namliq toplamning ortaq aptori we 2008-yili Ashgate neshriyati teripidin neshir qilinghan \u201cXitay Ottura Asiyasidiki muzikining q\u00e9liplashturulushi\u201d namliq kitabning aptori. U t\u00fcrl\u00fck sahelerde, Ottura Asiya we Xitay muzikisigha a&#8217;it k\u00f6pligen ish t\u00fcrliride xizmet qilip k\u00e9liwatidu. U, 2014-yilidin 2017-yilighiche Leverhulme tetqiqat ish turi \u201cXitaydiki islamiy awaz\u201d namliq t\u00fcrning y\u00e9tekchisi bolup ishleydu (<a href=\"http:\/\/www.soundislamchina.org\">www.soundislamchina.org<\/a>) &nbsp; &nbsp;<\/p>\n\n\n\n<p>U y\u00e9qinda y\u00e9zip p\u00fctt\u00fcrgen \u201cuyghurlarning islamiy awazi\u201d namliq monografik kitabi 2020-yili Indiana uniw\u00e9rsit\u00e9ti neshriyati teripidin neshir qilinidu.&nbsp;<\/p>\n\n\n\n<p><a href=\"https:\/\/www.soas.ac.uk\/staff\/staff31068.php\"><strong>Rachel Harris<\/strong><\/a><strong> <\/strong>teaches at <a href=\"https:\/\/www.soas.ac.uk\/staff\/staff31068.php\">SOAS,<\/a> University of London (<a href=\"https:\/\/www.soas.ac.uk\/staff\/staff31068.php\">www.soas.ac.uk\/staff\/staff31068.php<\/a>) . Her research focuses on expressive <\/p>\n\n\n\n<p class=\"has-light-green-cyan-background-color has-text-color has-background\" style=\"color:#6f1212\"><strong>Ablet&nbsp;Kamalov<\/strong> (Hemkar tekshurguchi)<\/p>\n\n\n\n<div class=\"wp-block-image\"><figure class=\"alignright is-resized\"><img loading=\"lazy\" decoding=\"async\" src=\"http:\/\/www.meshrep.uk\/img\/Ablet_Kamalov.jpg\" alt=\"\" width=\"302\" height=\"325\"\/><\/figure><\/div>\n\n\n\n<p><strong>Ablet kamalov <\/strong>-Almuta shehiridiki qazaqistan turan unw\u00e9rsit\u00e9tide tarix penliri prof\u00e9ssori bolup xizmet qilidu. U tashkent d\u00f6let uniw\u00e9rsit\u00e9ti sherqshunasliq institutini p\u00fctt\u00fcrgendin k\u00e9yin, sant p\u00e9t\u00e9rsburgtiki rosiye ijtima&#8217;iy penler akad\u00e9miyisining sherqshunasliq institutida oquydu. 1989-Yili qazaqistan sherqshunasliq institutida dokturluqini tamamlaydu. Uning mutixesisleshken tetqiqat sahesi uyghur tarix we medeniyet tetqiqatigha merkezleshken. Ablet kamalow d\u00f6letlik ish turi boyiche \u00e9lip b\u00e9rilghan 2016-2017- yilidiki qazaqistan az sanliq milletler tetqiqati t\u00fcrige \u00f6zining shu sahediki tetqiqat t\u00e9misini teqdim qilidu we mushu tetqiqat ish t\u00fcri boyiche y\u00e9zip chiqqan ikki kitabi neshir qilinidu: \u201cqazaqistan uyghurliri (2017) we \u201cqazaqistan tungganliri (2017).&nbsp;<\/p>\n\n\n\n<p>Ablet kamalowning ilmiy emgekliri xelqarada \u00e9tirapqa \u00e9rishken bolup, u hazir yawropa ottura asiya tetqiqat jemiyitining idare heyet ezasi. U yene am\u00e9rika ottura asiya instituti ottura asiya tetqiqati meslihetchiler komit\u00e9tide&nbsp;Xizmet qilidu.&nbsp;<\/p>\n\n\n\n<p>Uning tetqiqat ish t\u00fcrliri indi&#8217;ana, washin&#8217;gton we oksford uniw\u00e9rsit\u00e9tliri teripidin iqtisadiy yardemlerge \u00e9rishken. Uning hazirgha qeder uyghur tarixi we medeniyitini tetqiq qilip yazghan qilghan 6 kitabi, 200 din artuq maqaliliri neshir qilindi. En&#8217;glizche neshir qilinghanliri t\u00f6wendikiche:<br>\u2018Ethno-national and local dimensions of the historiography of Kazakhstan\u2019s Uyghurs\u2019,&nbsp;<em>Central Asian Survey<\/em>31(3), 2012, 343-354<strong>.<\/strong> <br><br>&#8216;Uyghurs in Central Asian Republics: past and present&#8217;, in&nbsp;<em>China, Xinjiang and Central Asia. History, Transition and Crossborder Interaction into the 21<sup>st<\/sup>century,&nbsp;<\/em>ed. C. Mackerras and M. Clarke. London &amp; New York: Routledge, 2009, 115-132. <br><br>&#8216;Uyghur Nationalism and Islam: A historical perspective&#8217;, in&nbsp;<em>Nationalisms across the Globe. An overview of Nationalisms in state endowed and stateless nations.<\/em>Volume II, Ed. W.J. Burszat, T. Kamusella and S. Woijciechowski. Poznan: School of Humanities and Journalism, 2006, 533-550.<\/p>\n\n\n\n<p class=\"has-light-green-cyan-background-color has-text-color has-background\" style=\"color:#6f1212\"><strong>Aziz Isa Elkun<\/strong> (Tetqiqatchi, Dijital we tor bashqurghuchi)<\/p>\n\n\n\n<div class=\"wp-block-image\"><figure class=\"alignright is-resized\"><img loading=\"lazy\" decoding=\"async\" src=\"http:\/\/www.meshrep.uk\/img\/Aziz_Isa_Elkun.jpg\" alt=\"\" width=\"293\" height=\"296\"\/><\/figure><\/div>\n\n\n\n<p><strong>Aziz Isa Elkun <\/strong>&#8211; sha&#8217;ir, yazghuchi, akad\u00e9&#8217;imik Aziz Isa Elkun 1970- yili tarim deryasining ottura boylirigha jaylashqan qedimiy bostanliq yurtlarning biri shayar nahiyiside tughulghan. Uning nurghunlighan sh\u00e9&#8217;ir, nesir we ilmiy eserliri aqsu, urumchi, almuta, bishk\u00e9k we londondiki t\u00fcrl\u00fck metbu&#8217;atlarda yoruq k\u00f6rgen. Uning edebiy emgikining biri \u201ddonay deryasidin orxun boylirighiche\u201c namliq kitabi 2011- yili uyghur y\u00e9ziqida \u00abxelqara qelemkeshle uyghur merkizi\u00bb terpidin neshir qilinip oqurmenler bilen y\u00fczk\u00f6rushken.<br> &nbsp;<br>Aziz Isa Elkun&nbsp;ning eng y\u00e9ngi sh\u00e9&#8217;ir, edebiy, terjime we ilmiy tetqiqat eserliri en&#8217;gliyide \u00e9n&#8217;glizche we dunyaning bashqa doletliridiki uyghur metbu&#8217;atlirida, tor sehipiliride uyghur tilida dawamliq neshir qilinip kelmekte. U en&#8217;gliyide yillardin buyan pa&#8217;aliyet \u00e9lip b\u00e9riwatqan uyghur senet gurupisi london uyghur ansambilining qurghuchisi (London Uyghur Ensemble)<br> &nbsp;<br>U edebiy ijadiyet bilenla shughullunup qalmastin yene uyghur medeniyetshunasliq tetqiqati bilenmu shughullinidu. U 2011-yilidin buyan b\u00e9rtaniye penler akad\u00e9miyisining iqtisadiy yard\u00e9mige \u00e9rishken \u00abxitaydiki islamiy awaz \u00bb(Sounding Islam China) ilmiy tetqiqat ish t\u00fcride tetqiqatchi bolup xizmet qilidu. Bu yillarda uning bir qanche nadir imliy tetqiqat emgekliri en&#8217;giliyidiki ilmiy jurnallarda neshr qilindi. U 2010 \u2013 yilidin buyan bash shitabi londondiki xelqara qelemkeshler jemiyitining ezasi bolup, 2017 \u2013 yili s\u00e9ntebirdin bashlap \u201dxelqara qelemkeshler jemiyiti uyghur merkizi\u201c bash katipliq wezipisini \u00f6tewatidu.<br> &nbsp;<br>Aziz Isa Elkun 2018- yili s\u00e9ntebirdin bashlap b\u00e9rtaniye penler akad\u00e9miyisining iqtisadiy yard\u00e9mige \u00e9rishken \u00abmeshrep\u00bb tetqiqat t\u00fcri boyiche london unw\u00e9rsit\u00e9ti afirqa we sherqshunasliq institutida tetqiqatchi bolup ishlewatidu.<br> &nbsp;<br> U 2001- yili en&#8217;giliyige k\u00f6chmen bolup kelgendin buyan a&#8217;ilisi bilen bille london shehiride yashap kelmekte.<\/p>\n\n\n\n<p>Aziz Isa Elkun 2018- yili bashlap london unw\u00e9rsititide uyghurshunasliq ilmi boyiche tetqiqatchi bolup xizmet qilip kelmekte. Uning turluk edebiy we ilmiy emgeklirini \u00abElkun tori\u00bb arqiliq oquyalaysiz (<a href=\"http:\/\/www.azizisa.org\">www.azizisa.org<\/a>)<\/p>\n\n\n\n<p>Elkuning bir qisim ilmy we ijadiy eserliri:<br><br>&nbsp;\u2018<a href=\"http:\/\/www.jstor.org\/stable\/24572134\">Invitation to a Mourning Ceremony\u2019: Perspectives on the Uyghur Internet<\/a>\u2019, with Rachel Harris, Inner Asia 13(1), 2010, 27-49.<br><br>\u2018<a href=\"https:\/\/www.tandfonline.com\/doi\/full\/10.1080\/02634937.2018.1492904\">Islam by smartphone: reading the Uyghur Islamic revival on WeChat<\/a>\u2019, with Rachel Harris, Central Asian Survey 38(1), 2019, 61-80.&nbsp; <br><br>Film: <a href=\"https:\/\/www.voanews.com\/extremism-watch\/film-depicts-uighur-diasporas-struggle-keep-identity\">&#8220;An unanswered telephone call&#8221;<\/a>&nbsp; 2018;&nbsp; <a href=\"https:\/\/filmfreeway.com\/AzizIsaElkun\">X World Short Film Festival 2019<\/a>, Rome.<\/p>\n\n\n\n<p class=\"has-light-green-cyan-background-color has-text-color has-background\" style=\"color:#6f1212\"><strong>Mukaddas Mijit<\/strong> (Tetqiqatchi we film ishliguchi)<\/p>\n\n\n\n<div class=\"wp-block-image\"><figure class=\"alignright is-resized\"><img loading=\"lazy\" decoding=\"async\" src=\"http:\/\/www.meshrep.uk\/img\/Muqeddes_Mijit.jpg\" alt=\"\" width=\"315\" height=\"339\"\/><\/figure><\/div>\n\n\n\n<p><strong>Mukaddas Mijit<\/strong> &#8211; ethnomuzikolog, film rigissori, ussul ve musika senetkari. U Uyghur yurtining \u00dcrumchi shehride bir ziyalilar ailiside tughulup &#8211; \u00f6sken. 2003 &#8211; yili, Muqeddes, gherib muzikiliridin bilim ashurush \u00fcch\u00fcn Fransiyening Paris shehrige k\u00f6ch\u00fcp kilidu. Shundaqla u ethnomusicologiye penliri boyiche Paris-Sorbonne unvirsitide, \u00ab&nbsp;Uyghur Ili rayonidii Sufisme&nbsp;\u00bb temidiki tetqiqati bilen Mastirliq unvanini alidu. 2015-yili, Paris Nanterre universitide, \u00ab&nbsp;Uyghur muzika ve ussul senitining sehnilesht\u00fcrilishi&nbsp;\u00bb digen temidiki tetqiqati bilen Docturluq maqalisini yaqilaydu. Birnechche yildin buyan, Muqqeddes Mijit, xeliqaradiki nopuzluq tetqiqat jornal\u2019lirida ilmi maqalilerni ilan qilip keldi. U yene t\u00f6rt muzika ve medini documantariye filimi ve bir qanche qisqa filimlerni ishlep korermenler bilen ortaqlashti.&nbsp;<\/p>\n\n\n\n<p>Y\u00e9qinqi yillardin buyan, u Fransiyening Toulouse Jean-Jaur\u00e8s univirsititide \u00abVisual Anthropology\u00bb din deris berish bilen birge, birqanche Uyghur mediniyitige ait film ve senet project\u2019liri bilen shughullinip kilivatidu.&nbsp;<\/p>\n\n\n\n<p>Bir qanche wekillik tetqiqat maqaliliri :&nbsp;<\/p>\n\n\n\n<p>2018 \u00ab&nbsp;Elley Balam, bir Uyghur elley naxshisining sehnileshturulishi&nbsp;\u00bb &nbsp;, Cahiers d\u2019ethnomusicologie 31, Enfants musiciens, ADEM, Gen\u00e8ve, 241-248.&nbsp;<\/p>\n\n\n\n<p>2018, \u00ab&nbsp;Uyghurlarda jadidism ve 20 &#8211; esirning bashliridiki senet guruppiliri heqide qisqiche tarixi bayan : Uyghur, Turk, Azerbaijan ve Uzbek jadidizimchiliqi&nbsp;\u00bb &nbsp;Proceedings of scientific Symposium in the Vth International Mugham Festival \u201cThe world of Mugham\u201d, Baku, 302-315.&nbsp;<\/p>\n\n\n\n<p>2016, \u00ab Ghuljidiki uyghurlarda teriqetchilik : konilarning yolliridin&nbsp;\u00bb &nbsp;Etudes Orientales 27-28 (1-2), Fran\u00e7oise Aubin, Burhan Ghalioun, Marie \u2013 Paule Hille (Edit), L\u2019Harmattan, 117-160.<br><\/p>\n\n\n\n<p class=\"has-light-green-cyan-background-color has-text-color has-background\" style=\"color:#6f1212\"><strong>Rakhmetjan Y\u00fcs\u00fcpov<\/strong> (Tetqiqatch)<\/p>\n\n\n\n<div class=\"wp-block-image\"><figure class=\"alignright is-resized\"><img loading=\"lazy\" decoding=\"async\" src=\"http:\/\/www.meshrep.uk\/img\/Rakhmetjan_Yusupov.jpg\" alt=\"\" width=\"301\" height=\"304\"\/><\/figure><\/div>\n\n\n\n<p><strong>Rakhmetjan Y\u00fcs\u00fcpov<\/strong> Qasim oghli 1963-yili Qazaqistanning&nbsp; Almuta wilayiti, Ch\u00eblek nahiyesining Qaraturuq y\u00ebzisida tughulghan. 1986-yili Abay namidiki Qazaq p\u00ebdagogika institutining filologiya fakul&#8217;t\u00ebtini tamamlighan. Herbiy septin k\u00ebyin, 1987-yilidin bashlap Qazaqstan Penler akad\u00ebmiyasi Uyghurshunasliq institutining Edebiyat we sen&#8217;et b\u00f6l\u00fcmige ilmiy xadim bolup ishleydu. 1993-yili Muhter. Aw\u00ebzow namidiki Edebiyat we sen&#8217;et institutining kespiy k\u00ebngishide \u00abZiya Semediyning tarixiy romanliri\u00bb mawzusida tetqiqat elip berip, filologiya penliri namziti ilmiy derizhisige \u00ebge boldi. (doctor in phlology). U 2017-yilning axirighiche Bilim we pen ministrligi R. S\u00fcl\u00ebym\u00ebnow (ramazan) namidiki Sheriqshunasliq instituti Uyghurshunasliq merkizide yetekchi ilmiy xadim bolup ishlidi. 2018-yili s\u00ebntebirdin bashlap London Unversititi tarmiqidiki Sheriqshunasliq we Afriqa instituti bilen Turan uniw\u00ebrsit\u00ebtining hemkarlighidiki \u201cMeshrep\u201d tetqiqat turide tetqiqatchisi bolup ishlep kelmekte.<\/p>\n\n\n\n<p><\/p>\n\n\n\n<p class=\"has-light-green-cyan-background-color has-text-color has-background\" style=\"color:#6f1212\"><strong>Zulfiya Kerimova<\/strong> (Tetqiqatch)<\/p>\n\n\n\n<div class=\"wp-block-image\"><figure class=\"alignright is-resized\"><img loading=\"lazy\" decoding=\"async\" src=\"http:\/\/www.meshrep.uk\/img\/Zulfiye_Karimova.jpg\" alt=\"\" width=\"299\" height=\"302\"\/><\/figure><\/div>\n\n\n\n<p><strong>Zulfiya Kerimova<\/strong> &#8211; Uyghur nahiyesining Chong Aqsu y\u00ebzisida toghulghan. 1997 yili Abay namidiki Almuta D\u00f6let Uniw\u00ebrsit\u00ebtini uyghur tili we edebiyati hem tarix penlirining ustazi mutexessisligi boyiche ela bahalargha tamamlap, magistraturigha oqushqa qobul qilinghan.&nbsp;<\/p>\n\n\n\n<p>1998 -yildin bashalp Qazaqstan Jumhuriyiti Bilim we Pen ministrligi R.B. Sul\u00ebym\u00ebnow namidiki Sheriqshunasliq instituti, Uyghurshunasliq merkizining tarix b\u00f6l\u00fcmide xizmet qilidu. 2003 -yili \u00abMolla Musa Sayramining \u00abTarix-i eminiye\u00bb qol yazmisi Sherqiy T\u00fcrkstan xeliqliri tarixining menbesi\u00bb namliq namzatliq emgigining mawzusi testiqlinip, 2010 -yili utuqluq yaqlinip chiqqan. \u00abMedeniy miras\u00bb, \u00abGhilimi qazina\u00bb (ilmi ghezine) programmiliri, Sheriqshunasliq instituti hem T\u00fcrk akad\u00ebmiyasi teripidin qobul qilinghan ilmiy proj\u00ebktlarning, k\u00f6pligen ilmiy konf\u00ebr\u00ebnciyalerning ishtirakchisi.<\/p>\n\n\n\n<p>Alime Merkiziy Aziya tarixigha munasiwetlik XIX esirde y\u00ebzilghan Sheriqiy T\u00fcrkstan&nbsp; qol yazmilirini tetqiq qilish bilen birge, mezk\u00fcr olkining seyasiy tarixigha, xeliqaraliq munasiwetlirige ait ilmiy izdinish ishlirini elip baridu. Uning 40 gha y\u00ebqin ilmiy maqalisi uyghur, qazaq, rus we t\u00fcrk tillirida neshir qilinghan.<\/p>\n\n\n\n<p>2014 -ildin bu yan \u00abTuran\u00bb Uniw\u00ebrsit\u00ebti \u00abOlkeshunasliq we xeliqara munasiwetler\u00bb kaf\u00ebdrisining oqutquchisi we 2018-yili s\u00ebntebirdin bashlap Sheriqshunasliq we Afriqa instituti, London Unversititi bilen Turan uniw\u00ebrsit\u00ebtining hemkarlighidiki \u201cMeshrep\u201d tetqiqat turide tetqiqatchisi bolup ishlep kelmekte.<\/p>\n\n\n\n<p>Zulfiya Kerimowa towendiki ilmiy maqalilerning aptori:<br><br>\u00abTarix-i Aminiya\u00bb Molla Musa Sayrami \/\/ Tyurkski\u00eb istochniki po istorii Kazaxstana. T V. Almati, 2007, 292- 330.<br><br>Tyurkski\u00eb istochniki o diplomatich\u00ebskix swyazyax gosudrstwa Y\u00ebttishar s Angli\u00eby wo wtoroy polowin\u00eb XIX w\u00ebka \/\/&nbsp; Wostokow\u00ebdni\u00eb issl\u00ebdowaniya na Alta\u00eb, Wipusk VI, Barnaul, 2009, 51-59. <br><br>Musa Sayramiyin \u201cTarih-i eminiye\u201d kaynag\u0131n\u0131n el yazmas\u0131 ve bas\u0131n n\u00fcsheleri hakk\u0131nda. \/\/ Ankara: Hakimli, 2010, \u21163.<\/p>\n\n\n\n<p><\/p>\n\n\n\n<p class=\"has-light-green-cyan-background-color has-text-color has-background\" style=\"color:#6f1212\"><strong>Karl\u00e9n Mexpirow<\/strong> (Maslashturghuchi)<\/p>\n\n\n\n<div class=\"wp-block-image\"><figure class=\"alignright is-resized\"><img loading=\"lazy\" decoding=\"async\" src=\"http:\/\/www.meshrep.uk\/img\/Karlin_Makhpirov.jpg\" alt=\"\" width=\"299\" height=\"302\"\/><\/figure><\/div>\n\n\n\n<p><strong><strong>Karl\u00e9n Mexpirow<\/strong><\/strong> &#8211; ixtisatchi, qazaq ixtisat we mulazimet uniw\u00e9rsit\u00e9tini tamamlighan. Uzun waqittin Qazaqstan y\u00e9zaigilik sana\u2019et sahasida ishligen. 2004-2008-yilliri Almuta shehiri bostanliq nahiyelik uyghur medeniyet merkizining re&#8217;isi bolidu. 2010-yildin bashlap u \u00abTuran duniyasi\u00bb jemiyetlik fondining mudirliq wezipisini atqurup kelmekte. Mezk\u00fcr fondning asasiy mexsiti t\u00fcrkiy xeliqlerning umumiy medeniy qedriyetlirini saqlash, rawajlandurush boyiche t\u00fcrkiy xeliqler arisidiki oz-ara hemkarliqni ilgiri surushtin ibaret.<br><br>Bu teshkilatning ishi da&#8217;iriside t\u00fcrkiy xeliqler mawzusigha b\u00e9ghishlanghan f\u00e9stiwallar, kons\u00e9rtlar, s\u00f6hbet munberliri uyushturuldi, \u00abT\u00fcrkiy duniyasi\u00bb, \u00abAka-uka musaba&#8217;\u00e9wlar\u00bb, \u00abAbduqadir damollam\u00bb, \u00abExmet y\u00fckneki\u00bb qatarliq kitaplar neshir qilindi.&nbsp; 2011-yildin tartip duniya t\u00fcrkiy xeliqliri assambl\u00e9yasining uyghunlashturghuchisi, qazaqstan uyghurlirining jumhuriyetlik milliy-medeniyet merkizi bashqarmisining ezasi. <br><br>Yillardin buyan Ezerbeyjan (2011), Qazaqstan (2013-2019), Qirghizstan (2014), \u00d6zbekstan (2017), Bashqurtstan (2018) qatarliq T\u00fcrki jumhuriyetliride elip beriliwatqan T\u00fcrkiy xeliqler festiwalliri qazilar munbirining re&#8217;isi we ezasi boldi. 2018-yili yettisudiki ammiwiy qirghinchiliqning (atu paji&#8217;esi) 100 yillighigha b\u00e9ghishlanghan chare-tedbirlerni teyyarlash we \u00f6tk\u00fcz\u00fcsh boyiche jumhuriyetlik komissiyening ezalighigha qobul qilindu. &nbsp; &nbsp;<\/p>\n\n\n\n<p><\/p>\n\n\n<p><\/p>\n<p><!-- \/wp:paragraph --><\/p>","protected":false},"excerpt":{"rendered":"<p>Rachel Harris (tur y\u00e9tekchisi) Rachel Harris teaches at SOAS, University of London (www.soas.ac.uk\/staff\/staff31068.php) . Rachel Harris London uniw\u00e9rsit\u00e9ti sherqshunasliq we afriqa institutida (SOAS) oqutquchi bolup ishleydu. Uning tetqiqati asasliq Xitay we Ottura Asiyadiki qaynaq medeniyet, diniy hayat we siyasiy t\u00e9milargha merkezleshken. U, 2007-yili Ashgate neshriyati teripidin neshir qilinghan \u201cXitay we Ottura Asiya arisidiki Uyghurlar\u201d namliq [&hellip;]<\/p>\n","protected":false},"author":1,"featured_media":0,"parent":0,"menu_order":0,"comment_status":"closed","ping_status":"closed","template":"","meta":{"footnotes":""},"class_list":["post-87","page","type-page","status-publish","hentry"],"_links":{"self":[{"href":"https:\/\/www.meshrep.uk\/uy\/wp-json\/wp\/v2\/pages\/87","targetHints":{"allow":["GET"]}}],"collection":[{"href":"https:\/\/www.meshrep.uk\/uy\/wp-json\/wp\/v2\/pages"}],"about":[{"href":"https:\/\/www.meshrep.uk\/uy\/wp-json\/wp\/v2\/types\/page"}],"author":[{"embeddable":true,"href":"https:\/\/www.meshrep.uk\/uy\/wp-json\/wp\/v2\/users\/1"}],"replies":[{"embeddable":true,"href":"https:\/\/www.meshrep.uk\/uy\/wp-json\/wp\/v2\/comments?post=87"}],"version-history":[{"count":17,"href":"https:\/\/www.meshrep.uk\/uy\/wp-json\/wp\/v2\/pages\/87\/revisions"}],"predecessor-version":[{"id":276,"href":"https:\/\/www.meshrep.uk\/uy\/wp-json\/wp\/v2\/pages\/87\/revisions\/276"}],"wp:attachment":[{"href":"https:\/\/www.meshrep.uk\/uy\/wp-json\/wp\/v2\/media?parent=87"}],"curies":[{"name":"wp","href":"https:\/\/api.w.org\/{rel}","templated":true}]}}